{"id":804,"date":"2024-05-06T16:45:18","date_gmt":"2024-05-06T16:45:18","guid":{"rendered":"https:\/\/izzysalon.com\/?page_id=804"},"modified":"2024-05-23T20:28:24","modified_gmt":"2024-05-23T20:28:24","slug":"izzy-salon-check-in","status":"publish","type":"page","link":"https:\/\/izzysalon.com\/index.php\/phan-mem\/izzy-salon-check-in\/","title":{"rendered":"Izzy Salon Check-in"},"content":{"rendered":"\n<figure class=\"wp-block-image alignfull size-full\"><img loading=\"lazy\" decoding=\"async\" width=\"3025\" height=\"1244\" src=\"https:\/\/izzysalon.com\/wp-content\/uploads\/2024\/05\/izzy-salon-phan-mem-marketing-tiem-nail-luon-dong-khach-hieu-qua-my-viet-uc-canada-bia-12.jpg\" alt=\"\" class=\"wp-image-807\"\/><\/figure>\n\n\n\n<div class=\"wp-block-group alignfull has-background has-global-padding is-layout-constrained wp-block-group-is-layout-constrained\" style=\"margin-top:var(--wp--preset--spacing--30);margin-bottom:var(--wp--preset--spacing--30);background-image:url(&#039;https:\/\/izzysalon.com\/wp-content\/uploads\/2024\/04\/bia-izzy-salon-phan-mem-marketing-tiem-nail-luon-dong-khach-hieu-qua-my-viet-uc-canada.1yy.jpg&#039;);background-size:cover;\">\n<figure class=\"wp-block-video alignwide\"><video controls poster=\"https:\/\/izzysalon.com\/wp-content\/uploads\/2024\/05\/Untitled-2.png\" src=\"https:\/\/izzysalon.com\/wp-content\/uploads\/2024\/05\/20230228-CUSTOMER-CHECK-IN.mp4\"><\/video><\/figure>\n\n\n\n<div style=\"height:15px\" aria-hidden=\"true\" class=\"wp-block-spacer\"><\/div>\n\n\n\n<p class=\"has-text-align-center has-text-color has-link-color wp-elements-e338de174d8158a67ba1541278e3834a\" style=\"color:#104790\"><strong>H\u01b0\u1edbng d\u1eabn s\u1eed d\u1ee5ng Izzy Check in<\/strong><\/p>\n\n\n\n<div style=\"height:15px\" aria-hidden=\"true\" class=\"wp-block-spacer\"><\/div>\n<\/div>\n\n\n\n<figure class=\"wp-block-image alignfull size-full\"><img loading=\"lazy\" decoding=\"async\" width=\"1800\" height=\"925\" src=\"https:\/\/izzysalon.com\/wp-content\/uploads\/2024\/05\/Pink-and-White-Minimalist-Nail-Art-Services-Instagram-Reel.gif\" alt=\"\" class=\"wp-image-820\"\/><\/figure>\n\n\n\n<p><\/p>\n\n\n\n<div class=\"wp-block-group alignfull has-background has-global-padding is-layout-constrained wp-block-group-is-layout-constrained\" style=\"margin-top:0;margin-bottom:0;padding-top:var(--wp--preset--spacing--20);padding-bottom:var(--wp--preset--spacing--20);background-image:url(&#039;https:\/\/izzysalon.com\/wp-content\/uploads\/2024\/04\/izzy-salon-phan-mem-marketing-tiem-nail-luon-dong-khach-hieu-qua-my-viet-uc-canada-P4.jpg&#039;);background-size:cover;\">\n<div class=\"wp-block-columns alignwide is-layout-flex wp-container-core-columns-is-layout-1 wp-block-columns-is-layout-flex\">\n<div class=\"wp-block-column is-layout-flow wp-block-column-is-layout-flow\" style=\"flex-basis:33.34%\">\n<div class=\"wp-block-group has-global-padding is-layout-constrained wp-block-group-is-layout-constrained\">\n<figure class=\"wp-block-video alignwide\"><video controls src=\"https:\/\/izzysalon.com\/wp-content\/uploads\/2024\/05\/330263648_6025896497466579_6687780791707223316_n.mp4\"><\/video><\/figure>\n<\/div>\n<\/div>\n\n\n\n<div class=\"wp-block-column is-layout-flow wp-block-column-is-layout-flow\" style=\"flex-basis:33.34%\">\n<figure class=\"wp-block-video\"><\/figure>\n<\/div>\n\n\n\n<div class=\"wp-block-column is-layout-flow wp-block-column-is-layout-flow\" style=\"flex-basis:33.33%\">\n<figure class=\"wp-block-video\"><video controls poster=\"https:\/\/izzysalon.com\/wp-content\/uploads\/2024\/05\/Untitled-4.png\" src=\"https:\/\/izzysalon.com\/wp-content\/uploads\/2024\/05\/330011997_6177097779017386_3854055214958385896_n-3.mp4\"><\/video><\/figure>\n<\/div>\n<\/div>\n\n\n\n<div style=\"height:15px\" aria-hidden=\"true\" class=\"wp-block-spacer\"><\/div>\n\n\n\n<p class=\"has-text-align-center has-base-2-color has-text-color has-link-color wp-elements-4b46ce4327c7ef67a1a94167c4eb93f6\">H\u01af\u1edaNG D\u1eaaN S\u1eec D\u1ee4NG REVIEW<\/p>\n\n\n\n<div style=\"height:15px\" aria-hidden=\"true\" class=\"wp-block-spacer\"><\/div>\n\n\n\n<figure class=\"wp-block-image alignfull size-full\"><img loading=\"lazy\" decoding=\"async\" width=\"3125\" height=\"1500\" src=\"https:\/\/izzysalon.com\/wp-content\/uploads\/2024\/04\/izzy-salon-phan-mem-marketing-tiem-nail-luon-dong-khach-hieu-qua-my-viet-uc-canada-pos-4.jpg\" alt=\"\" class=\"wp-image-528\"\/><\/figure>\n<\/div>\n\n\n\n<div class=\"wp-block-columns alignfull is-layout-flex wp-container-core-columns-is-layout-3 wp-block-columns-is-layout-flex\">\n<div class=\"wp-block-column is-layout-flow wp-block-column-is-layout-flow\">\n<div class=\"wp-block-group alignfull has-background has-global-padding is-layout-constrained wp-block-group-is-layout-constrained\" style=\"margin-top:0;margin-bottom:0;padding-top:var(--wp--preset--spacing--50);padding-right:var(--wp--preset--spacing--50);padding-bottom:var(--wp--preset--spacing--50);padding-left:var(--wp--preset--spacing--50);background-image:url(&#039;https:\/\/izzysalon.com\/wp-content\/uploads\/2024\/04\/bia-izzy-salon-phan-mem-marketing-tiem-nail-luon-dong-khach-hieu-qua-my-viet-uc-canada.1yy.jpg&#039;);background-size:cover;\">\n<div class=\"wp-block-columns alignwide are-vertically-aligned-center is-layout-flex wp-container-core-columns-is-layout-2 wp-block-columns-is-layout-flex\">\n<div class=\"wp-block-column is-vertically-aligned-center is-layout-flow wp-block-column-is-layout-flow\" style=\"flex-basis:50%\">\n<h2 class=\"wp-block-heading has-text-align-center has-text-color has-link-color has-large-font-size wp-elements-7304c0e7aff2e29c84fcf47c1eea1297\" style=\"color:#104790\"><strong>NH\u1eacN B\u00c1O GI\u00c1 V\u00c0 T\u01af V\u1ea4N<\/strong><\/h2>\n\n\n\n<ul style=\"line-height:1.75\" class=\"is-style-checkmark-list\">\n<li class=\"has-medium-font-size\">H\u1ee3p l\u00fd, hi\u1ec7u qu\u1ea3<\/li>\n\n\n\n<li class=\"has-medium-font-size\">T\u01b0 v\u1ea5n 24\/7<\/li>\n\n\n\n<li class=\"has-medium-font-size\">H\u1ed7 tr\u1ee3 trong su\u1ed1t qu\u00e1 tr\u00ecnh s\u1eed d\u1ee5ng<\/li>\n<\/ul>\n\n\n\n<div class=\"wp-block-buttons is-layout-flex wp-block-buttons-is-layout-flex\">\n<div class=\"wp-block-button\"><a class=\"wp-block-button__link has-background wp-element-button\" href=\"https:\/\/izzysalon.com\/index.php\/bang-gia\/\" style=\"background-color:#104790\" target=\"_blank\" rel=\"noreferrer noopener\"><strong>B\u1ea2NG GI\u00c1 D\u1ecaCH V\u1ee4<\/strong><\/a><\/div>\n\n\n\n<div class=\"wp-block-button is-style-outline\"><a class=\"wp-block-button__link has-text-color has-link-color wp-element-button\" href=\"http:\/\/m.me\/278936155298774\" style=\"color:#104790\"><strong>LI\u00caN H\u1ec6 T\u01af V\u1ea4N<\/strong><\/a><\/div>\n<\/div>\n<\/div>\n\n\n\n<div class=\"wp-block-column is-vertically-aligned-center is-layout-flow wp-block-column-is-layout-flow\" style=\"flex-basis:50%\">\n<figure class=\"wp-block-image size-full is-style-rounded\"><img loading=\"lazy\" decoding=\"async\" width=\"1600\" height=\"1600\" src=\"https:\/\/izzysalon.com\/wp-content\/uploads\/2024\/05\/FB-izzy-salon-phan-mem-marketing-tiem-nail-luon-dong-khach-hieu-qua-my-viet-uc-canada-PRICE-2.jpg\" alt=\"\" class=\"wp-image-697\"\/><\/figure>\n<\/div>\n<\/div>\n<\/div>\n<\/div>\n<\/div>\n","protected":false},"excerpt":{"rendered":"<p>H\u01b0\u1edbng d\u1eabn s\u1eed d\u1ee5ng Izzy Check in H\u01af\u1edaNG D\u1eaaN S\u1eec D\u1ee4NG REVIEW NH\u1eacN B\u00c1O GI\u00c1 V\u00c0 T\u01af V\u1ea4N<\/p>\n","protected":false},"author":1,"featured_media":0,"parent":441,"menu_order":0,"comment_status":"closed","ping_status":"closed","template":"","meta":{"footnotes":""},"_links":{"self":[{"href":"https:\/\/izzysalon.com\/index.php\/wp-json\/wp\/v2\/pages\/804"}],"collection":[{"href":"https:\/\/izzysalon.com\/index.php\/wp-json\/wp\/v2\/pages"}],"about":[{"href":"https:\/\/izzysalon.com\/index.php\/wp-json\/wp\/v2\/types\/page"}],"author":[{"embeddable":true,"href":"https:\/\/izzysalon.com\/index.php\/wp-json\/wp\/v2\/users\/1"}],"replies":[{"embeddable":true,"href":"https:\/\/izzysalon.com\/index.php\/wp-json\/wp\/v2\/comments?post=804"}],"version-history":[{"count":22,"href":"https:\/\/izzysalon.com\/index.php\/wp-json\/wp\/v2\/pages\/804\/revisions"}],"predecessor-version":[{"id":1042,"href":"https:\/\/izzysalon.com\/index.php\/wp-json\/wp\/v2\/pages\/804\/revisions\/1042"}],"up":[{"embeddable":true,"href":"https:\/\/izzysalon.com\/index.php\/wp-json\/wp\/v2\/pages\/441"}],"wp:attachment":[{"href":"https:\/\/izzysalon.com\/index.php\/wp-json\/wp\/v2\/media?parent=804"}],"curies":[{"name":"wp","href":"https:\/\/api.w.org\/{rel}","templated":true}]}}