{"id":439,"date":"2024-04-24T22:34:51","date_gmt":"2024-04-24T22:34:51","guid":{"rendered":"https:\/\/izzysalon.com\/?page_id=439"},"modified":"2024-05-23T20:39:33","modified_gmt":"2024-05-23T20:39:33","slug":"social-media-marketing","status":"publish","type":"page","link":"https:\/\/izzysalon.com\/index.php\/dich-vu\/social-media-marketing\/","title":{"rendered":"Social Media Marketing"},"content":{"rendered":"\n<figure class=\"wp-block-image alignfull size-full\"><img loading=\"lazy\" decoding=\"async\" width=\"3125\" height=\"1285\" src=\"https:\/\/izzysalon.com\/wp-content\/uploads\/2024\/05\/izzy-salon-phan-mem-marketing-tiem-nail-luon-dong-khach-hieu-qua-my-viet-uc-canada-bia-10.jpg\" alt=\"\" class=\"wp-image-772\"\/><\/figure>\n\n\n\n<div class=\"wp-block-columns alignfull is-layout-flex wp-container-core-columns-is-layout-1 wp-block-columns-is-layout-flex\">\n<div class=\"wp-block-column is-layout-flow wp-block-column-is-layout-flow\">\n<div style=\"height:5px\" aria-hidden=\"true\" class=\"wp-block-spacer\"><\/div>\n\n\n\n<h2 class=\"wp-block-heading has-text-align-center is-style-default has-large-font-size\">Ch\u1ec9 s\u1ed1 ng\u01b0\u1eddi d\u00f9ng c\u00e1c k\u00eanh Social<\/h2>\n\n\n\n<h2 class=\"wp-block-heading has-text-align-center is-style-default has-large-font-size\">t\u0103ng v\u1ecdt l\u00e0 ti\u1ec1m n\u0103ng l\u1edbn<\/h2>\n\n\n\n<figure class=\"wp-block-image size-full\"><img loading=\"lazy\" decoding=\"async\" width=\"1024\" height=\"538\" src=\"https:\/\/izzysalon.com\/wp-content\/uploads\/2024\/04\/izzy-salon-phan-mem-marketing-tiem-nail-luon-dong-khach-hieu-qua-my-viet-uc-canada-u2.png\" alt=\"\" class=\"wp-image-585\"\/><\/figure>\n<\/div>\n\n\n\n<div class=\"wp-block-column is-layout-flow wp-block-column-is-layout-flow\">\n<figure class=\"wp-block-image size-full\"><img loading=\"lazy\" decoding=\"async\" width=\"997\" height=\"647\" src=\"https:\/\/izzysalon.com\/wp-content\/uploads\/2024\/05\/izzy-salon-phan-mem-marketing-tiem-nail-luon-dong-khach-hieu-qua-my-viet-uc-canada-bia-1.png\" alt=\"\" class=\"wp-image-774\"\/><\/figure>\n<\/div>\n<\/div>\n\n\n\n<figure class=\"wp-block-image alignfull size-full\"><img loading=\"lazy\" decoding=\"async\" width=\"3438\" height=\"1414\" src=\"https:\/\/izzysalon.com\/wp-content\/uploads\/2024\/04\/izzy-salon-phan-mem-marketing-tiem-nail-luon-dong-khach-hieu-qua-my-viet-uc-canada-w4.jpg\" alt=\"\" class=\"wp-image-601\"\/><\/figure>\n\n\n\n<figure class=\"wp-block-image alignfull size-full\"><a href=\"http:\/\/m.me\/278936155298774\"><img loading=\"lazy\" decoding=\"async\" width=\"3075\" height=\"1732\" src=\"https:\/\/izzysalon.com\/wp-content\/uploads\/2024\/04\/izzy-salon-phan-mem-marketing-tiem-nail-luon-dong-khach-hieu-qua-my-viet-uc-canada-w5.jpg\" alt=\"\" class=\"wp-image-603\"\/><\/a><\/figure>\n","protected":false},"excerpt":{"rendered":"<p>Ch\u1ec9 s\u1ed1 ng\u01b0\u1eddi d\u00f9ng c\u00e1c k\u00eanh Social t\u0103ng v\u1ecdt l\u00e0 ti\u1ec1m n\u0103ng l\u1edbn<\/p>\n","protected":false},"author":1,"featured_media":0,"parent":434,"menu_order":0,"comment_status":"closed","ping_status":"closed","template":"","meta":{"footnotes":""},"_links":{"self":[{"href":"https:\/\/izzysalon.com\/index.php\/wp-json\/wp\/v2\/pages\/439"}],"collection":[{"href":"https:\/\/izzysalon.com\/index.php\/wp-json\/wp\/v2\/pages"}],"about":[{"href":"https:\/\/izzysalon.com\/index.php\/wp-json\/wp\/v2\/types\/page"}],"author":[{"embeddable":true,"href":"https:\/\/izzysalon.com\/index.php\/wp-json\/wp\/v2\/users\/1"}],"replies":[{"embeddable":true,"href":"https:\/\/izzysalon.com\/index.php\/wp-json\/wp\/v2\/comments?post=439"}],"version-history":[{"count":13,"href":"https:\/\/izzysalon.com\/index.php\/wp-json\/wp\/v2\/pages\/439\/revisions"}],"predecessor-version":[{"id":1051,"href":"https:\/\/izzysalon.com\/index.php\/wp-json\/wp\/v2\/pages\/439\/revisions\/1051"}],"up":[{"embeddable":true,"href":"https:\/\/izzysalon.com\/index.php\/wp-json\/wp\/v2\/pages\/434"}],"wp:attachment":[{"href":"https:\/\/izzysalon.com\/index.php\/wp-json\/wp\/v2\/media?parent=439"}],"curies":[{"name":"wp","href":"https:\/\/api.w.org\/{rel}","templated":true}]}}