{"id":434,"date":"2024-04-24T22:31:36","date_gmt":"2024-04-24T22:31:36","guid":{"rendered":"https:\/\/izzysalon.com\/?page_id=434"},"modified":"2024-05-23T20:24:25","modified_gmt":"2024-05-23T20:24:25","slug":"dich-vu","status":"publish","type":"page","link":"https:\/\/izzysalon.com\/index.php\/dich-vu\/","title":{"rendered":"D\u1ecbch v\u1ee5"},"content":{"rendered":"\n<figure class=\"wp-block-image alignfull size-full\"><img loading=\"lazy\" decoding=\"async\" width=\"3424\" height=\"1536\" src=\"https:\/\/izzysalon.com\/wp-content\/uploads\/2024\/05\/izzy-salon-phan-mem-marketing-tiem-nail-luon-dong-khach-hieu-qua-my-viet-uc-canada-bia-4.jpg\" alt=\"\" class=\"wp-image-740\"\/><\/figure>\n\n\n\n<div class=\"wp-block-group alignfull has-background has-global-padding is-layout-constrained wp-block-group-is-layout-constrained\" style=\"background-color:#104790;margin-top:0;margin-bottom:0;padding-top:var(--wp--preset--spacing--40);padding-right:var(--wp--preset--spacing--50);padding-bottom:var(--wp--preset--spacing--40);padding-left:var(--wp--preset--spacing--50)\">\n<div class=\"wp-block-columns alignwide is-layout-flex wp-container-core-columns-is-layout-1 wp-block-columns-is-layout-flex\">\n<div class=\"wp-block-column is-vertically-aligned-center is-layout-flow wp-block-column-is-layout-flow\" style=\"flex-basis:50%\">\n<div class=\"wp-block-group is-vertical is-content-justification-stretch is-layout-flex wp-container-core-group-is-layout-3 wp-block-group-is-layout-flex\" style=\"min-height:100%\">\n<h2 class=\"wp-block-heading has-text-align-center is-style-default has-base-2-color has-text-color has-link-color has-large-font-size wp-elements-c8ed914266e81978edc48c7ad3a620b8\"><strong><strong>WEBSITE + SEO<\/strong><\/strong><\/h2>\n\n\n\n<div class=\"wp-block-group is-vertical is-layout-flex wp-container-core-group-is-layout-1 wp-block-group-is-layout-flex\">\n<p class=\"has-base-2-color has-text-color has-link-color wp-elements-7179bd489aea81d886b7e4a3ca807806\" style=\"font-size:clamp(0.929rem, 0.929rem + ((1vw - 0.2rem) * 0.785), 1.4rem);line-height:2\">Thi\u1ebft k\u1ebf website chuy\u00ean nghi\u1ec7p k\u1ebft h\u1ee3p ch\u1ea1y SEO gi\u00fap ti\u1ec7m nails \u0111\u1ea1t top t\u00ecm ki\u1ebfm tr\u00ean Google.<\/p>\n\n\n\n<p class=\"has-base-2-color has-text-color has-link-color wp-elements-2b355c844d7aee7792eb3f33f2a6181f\" style=\"font-size:clamp(0.929rem, 0.929rem + ((1vw - 0.2rem) * 0.785), 1.4rem);line-height:2\"><\/p>\n<\/div>\n\n\n\n<div class=\"wp-block-group has-global-padding is-content-justification-left is-layout-constrained wp-container-core-group-is-layout-2 wp-block-group-is-layout-constrained\">\n<div class=\"wp-block-buttons is-content-justification-center is-layout-flex wp-container-core-buttons-is-layout-1 wp-block-buttons-is-layout-flex\">\n<div class=\"wp-block-button\"><a class=\"wp-block-button__link has-base-2-background-color has-text-color has-background has-link-color wp-element-button\" href=\"https:\/\/izzysalon.com\/index.php\/dich-vu\/website-seo\/\" style=\"color:#104790\"><strong>T\u00ccM HI\u1ec2U NGAY<\/strong><\/a><\/div>\n<\/div>\n<\/div>\n<\/div>\n<\/div>\n\n\n\n<div class=\"wp-block-column is-vertically-aligned-center is-layout-flow wp-block-column-is-layout-flow\" style=\"flex-basis:50%\">\n<figure class=\"wp-block-image size-full is-style-rounded\"><img loading=\"lazy\" decoding=\"async\" width=\"1672\" height=\"1080\" src=\"https:\/\/izzysalon.com\/wp-content\/uploads\/2024\/04\/izzy-salon-phan-mem-marketing-tiem-nail-luon-dong-khach-hieu-qua-my-viet-uc-canada-10.jpg\" alt=\"\" class=\"wp-image-205\" style=\"aspect-ratio:4\/3;object-fit:cover\"\/><\/figure>\n<\/div>\n<\/div>\n<\/div>\n\n\n\n<div class=\"wp-block-group alignfull has-base-background-color has-background has-global-padding is-layout-constrained wp-block-group-is-layout-constrained\" style=\"margin-top:0;margin-bottom:0;padding-top:var(--wp--preset--spacing--40);padding-right:var(--wp--preset--spacing--50);padding-bottom:var(--wp--preset--spacing--40);padding-left:var(--wp--preset--spacing--50)\">\n<div class=\"wp-block-columns alignwide is-layout-flex wp-container-core-columns-is-layout-2 wp-block-columns-is-layout-flex\">\n<div class=\"wp-block-column is-vertically-aligned-center is-layout-flow wp-block-column-is-layout-flow\" style=\"flex-basis:60%\">\n<figure class=\"wp-block-image size-full is-style-rounded wp-duotone-unset-1\"><img loading=\"lazy\" decoding=\"async\" width=\"3967\" height=\"2635\" src=\"https:\/\/izzysalon.com\/wp-content\/uploads\/2024\/04\/izzy-salon-phan-mem-marketing-tiem-nail-luon-dong-khach-hieu-qua-my-viet-uc-canada.2.jpg\" alt=\"\" class=\"wp-image-222\" style=\"aspect-ratio:4\/3;object-fit:cover\"\/><\/figure>\n<\/div>\n\n\n\n<div class=\"wp-block-column is-vertically-aligned-center is-layout-flow wp-block-column-is-layout-flow\" style=\"flex-basis:40%\">\n<h2 class=\"wp-block-heading has-text-align-center has-text-color has-link-color has-large-font-size wp-elements-88a6cdf955796de20afbdecfc8c4cfec\" style=\"color:#104790\"><strong><strong>SOCIAL MEDIA MARKETING<\/strong><\/strong><\/h2>\n\n\n\n<p class=\"has-contrast-color has-text-color has-link-color wp-elements-2fc43198dcc44e454944c5760c5cecd8\" style=\"font-size:clamp(0.929rem, 0.929rem + ((1vw - 0.2rem) * 0.785), 1.4rem);line-height:2\">\u0110\u0103ng b\u00e0i v\u00e0 ch\u1ea1y qu\u1ea3ng c\u00e1o tr\u00ean c\u00e1c k\u00eanh m\u1ea1ng x\u00e3 h\u1ed9i gi\u00fap ti\u1ec7m Nails t\u00ecm ki\u1ebfm kh\u00e1ch h\u00e0ng&nbsp;m\u1edbi.<\/p>\n\n\n\n<div class=\"wp-block-buttons is-content-justification-center is-layout-flex wp-container-core-buttons-is-layout-2 wp-block-buttons-is-layout-flex\">\n<div class=\"wp-block-button\"><a class=\"wp-block-button__link has-background wp-element-button\" href=\"https:\/\/izzysalon.com\/index.php\/dich-vu\/social-media-marketing\/\" style=\"background-color:#104790\"><strong>T\u00ccM HI\u1ec2U NGAY<\/strong><\/a><\/div>\n<\/div>\n<\/div>\n<\/div>\n<\/div>\n\n\n\n<div class=\"wp-block-group alignfull has-background has-global-padding is-layout-constrained wp-block-group-is-layout-constrained\" style=\"background-color:#104790;margin-top:0;margin-bottom:0;padding-top:var(--wp--preset--spacing--40);padding-right:var(--wp--preset--spacing--50);padding-bottom:var(--wp--preset--spacing--40);padding-left:var(--wp--preset--spacing--50)\">\n<div class=\"wp-block-columns alignwide is-layout-flex wp-container-core-columns-is-layout-3 wp-block-columns-is-layout-flex\">\n<div class=\"wp-block-column is-vertically-aligned-stretch is-layout-flow wp-block-column-is-layout-flow\" style=\"flex-basis:50%\">\n<div class=\"wp-block-group is-vertical is-content-justification-stretch is-layout-flex wp-container-core-group-is-layout-8 wp-block-group-is-layout-flex\" style=\"min-height:100%\">\n<h2 class=\"wp-block-heading has-text-align-center is-style-default has-base-2-color has-text-color has-link-color has-large-font-size wp-elements-d356f2cd230900a43d05e9057908cf07\"><strong>DIGITAL SIGNAGE<\/strong><\/h2>\n\n\n\n<p class=\"has-base-2-color has-text-color has-link-color wp-elements-3b8a65fa0b25dbf7044ce0e7da159f0e\" style=\"font-size:clamp(0.929rem, 0.929rem + ((1vw - 0.2rem) * 0.785), 1.4rem);line-height:2\">M\u00e0n h\u00ecnh qu\u1ea3ng c\u00e1o cho ti\u1ec7m nails gi\u00fap t\u0103ng doanh thu v\u00e0 l\u1ee3i nhu\u1eadn.<\/p>\n\n\n\n<div class=\"wp-block-group is-vertical is-layout-flex wp-container-core-group-is-layout-6 wp-block-group-is-layout-flex\"><\/div>\n\n\n\n<div class=\"wp-block-group has-global-padding is-content-justification-left is-layout-constrained wp-container-core-group-is-layout-7 wp-block-group-is-layout-constrained\">\n<div class=\"wp-block-buttons is-content-justification-center is-layout-flex wp-container-core-buttons-is-layout-3 wp-block-buttons-is-layout-flex\">\n<div class=\"wp-block-button\"><a class=\"wp-block-button__link has-base-2-background-color has-text-color has-background has-link-color wp-element-button\" href=\"https:\/\/izzysalon.com\/index.php\/dich-vu\/digital-signage\/\" style=\"color:#104790\"><strong>T\u00ccM HI\u1ec2U NGAY<\/strong><\/a><\/div>\n<\/div>\n<\/div>\n<\/div>\n<\/div>\n\n\n\n<div class=\"wp-block-column is-vertically-aligned-center is-layout-flow wp-block-column-is-layout-flow\" style=\"flex-basis:50%\">\n<figure class=\"wp-block-image size-full is-style-rounded\"><img loading=\"lazy\" decoding=\"async\" width=\"1184\" height=\"888\" src=\"https:\/\/izzysalon.com\/wp-content\/uploads\/2024\/04\/izzy-salon-phan-mem-marketing-tiem-nail-luon-dong-khach-hieu-qua-my-viet-uc-canada.1.jpg\" alt=\"\" class=\"wp-image-220\" style=\"aspect-ratio:4\/3;object-fit:cover\"\/><\/figure>\n<\/div>\n<\/div>\n<\/div>\n\n\n\n\n\n<div class=\"wp-block-group alignfull has-background has-global-padding is-layout-constrained wp-block-group-is-layout-constrained\" style=\"margin-top:0;margin-bottom:0;padding-top:var(--wp--preset--spacing--40);padding-right:var(--wp--preset--spacing--50);padding-bottom:var(--wp--preset--spacing--40);padding-left:var(--wp--preset--spacing--50);background-image:url(&#039;https:\/\/izzysalon.com\/wp-content\/uploads\/2024\/04\/bia-izzy-salon-phan-mem-marketing-tiem-nail-luon-dong-khach-hieu-qua-my-viet-uc-canada.1yy.jpg&#039;);background-size:cover;\">\n<div class=\"wp-block-columns alignwide are-vertically-aligned-center is-layout-flex wp-container-core-columns-is-layout-4 wp-block-columns-is-layout-flex\">\n<div class=\"wp-block-column is-vertically-aligned-center is-layout-flow wp-block-column-is-layout-flow\" style=\"flex-basis:50%\">\n<h2 class=\"wp-block-heading has-text-align-center has-text-color has-link-color has-medium-font-size wp-elements-fb0b17d08e4862553dd959755cf14f8e\" style=\"color:#104790\"><strong>NH\u1eacN B\u00c1O GI\u00c1 V\u00c0 T\u01af V\u1ea4N<\/strong><\/h2>\n\n\n\n<div style=\"height:5px\" aria-hidden=\"true\" class=\"wp-block-spacer\"><\/div>\n\n\n\n<ul style=\"line-height:1.75\" class=\"is-style-checkmark-list has-contrast-color has-text-color has-link-color wp-elements-337259998e57dfd1770ae22c420dcb37\">\n<li class=\"has-medium-font-size\">H\u1ee3p l\u00fd, hi\u1ec7u qu\u1ea3<\/li>\n\n\n\n<li class=\"has-medium-font-size\">T\u01b0 v\u1ea5n 24\/7<\/li>\n\n\n\n<li class=\"has-medium-font-size\">H\u1ed7 tr\u1ee3 trong su\u1ed1t qu\u00e1 tr\u00ecnh s\u1eed d\u1ee5ng<\/li>\n<\/ul>\n\n\n\n<div style=\"height:15px\" aria-hidden=\"true\" class=\"wp-block-spacer\"><\/div>\n\n\n\n<div class=\"wp-block-buttons is-content-justification-center is-layout-flex wp-container-core-buttons-is-layout-4 wp-block-buttons-is-layout-flex\">\n<div class=\"wp-block-button has-custom-font-size has-medium-font-size\"><a class=\"wp-block-button__link has-background wp-element-button\" href=\"https:\/\/izzysalon.com\/index.php\/bang-gia\/\" style=\"background-color:#104790\" target=\"_blank\" rel=\"noreferrer noopener\"><strong>B\u1ea2NG GI\u00c1 D\u1ecaCH V\u1ee4<\/strong><\/a><\/div>\n\n\n\n<div class=\"wp-block-button has-custom-font-size is-style-outline has-medium-font-size\"><a class=\"wp-block-button__link has-text-color has-link-color wp-element-button\" href=\"https:\/\/izzysalon.com\/index.php\/lien-he\/\" style=\"color:#104790\" target=\"_blank\" rel=\"noreferrer noopener\"><strong>LI\u00caN H\u1ec6 T\u01af V\u1ea4N<\/strong><\/a><\/div>\n<\/div>\n<\/div>\n\n\n\n<div class=\"wp-block-column is-vertically-aligned-center is-layout-flow wp-block-column-is-layout-flow\" style=\"flex-basis:50%\">\n<figure class=\"wp-block-image size-full is-style-rounded\"><img loading=\"lazy\" decoding=\"async\" width=\"6912\" height=\"3456\" src=\"https:\/\/izzysalon.com\/wp-content\/uploads\/2024\/04\/3.jpg\" alt=\"\" class=\"wp-image-54\" style=\"aspect-ratio:16\/9;object-fit:cover\"\/><\/figure>\n<\/div>\n<\/div>\n<\/div>\n","protected":false},"excerpt":{"rendered":"<p>WEBSITE + SEO Thi\u1ebft k\u1ebf website chuy\u00ean nghi\u1ec7p k\u1ebft h\u1ee3p ch\u1ea1y SEO gi\u00fap ti\u1ec7m nails \u0111\u1ea1t top t\u00ecm ki\u1ebfm tr\u00ean Google. SOCIAL MEDIA MARKETING \u0110\u0103ng b\u00e0i v\u00e0 ch\u1ea1y qu\u1ea3ng c\u00e1o tr\u00ean c\u00e1c k\u00eanh m\u1ea1ng x\u00e3 h\u1ed9i gi\u00fap ti\u1ec7m Nails t\u00ecm ki\u1ebfm kh\u00e1ch h\u00e0ng&nbsp;m\u1edbi. DIGITAL SIGNAGE M\u00e0n h\u00ecnh qu\u1ea3ng c\u00e1o cho ti\u1ec7m nails gi\u00fap t\u0103ng doanh thu v\u00e0 l\u1ee3i nhu\u1eadn. NH\u1eacN B\u00c1O GI\u00c1 V\u00c0 T\u01af V\u1ea4N<\/p>\n","protected":false},"author":1,"featured_media":0,"parent":0,"menu_order":0,"comment_status":"closed","ping_status":"closed","template":"","meta":{"footnotes":""},"_links":{"self":[{"href":"https:\/\/izzysalon.com\/index.php\/wp-json\/wp\/v2\/pages\/434"}],"collection":[{"href":"https:\/\/izzysalon.com\/index.php\/wp-json\/wp\/v2\/pages"}],"about":[{"href":"https:\/\/izzysalon.com\/index.php\/wp-json\/wp\/v2\/types\/page"}],"author":[{"embeddable":true,"href":"https:\/\/izzysalon.com\/index.php\/wp-json\/wp\/v2\/users\/1"}],"replies":[{"embeddable":true,"href":"https:\/\/izzysalon.com\/index.php\/wp-json\/wp\/v2\/comments?post=434"}],"version-history":[{"count":22,"href":"https:\/\/izzysalon.com\/index.php\/wp-json\/wp\/v2\/pages\/434\/revisions"}],"predecessor-version":[{"id":1041,"href":"https:\/\/izzysalon.com\/index.php\/wp-json\/wp\/v2\/pages\/434\/revisions\/1041"}],"wp:attachment":[{"href":"https:\/\/izzysalon.com\/index.php\/wp-json\/wp\/v2\/media?parent=434"}],"curies":[{"name":"wp","href":"https:\/\/api.w.org\/{rel}","templated":true}]}}