{"id":432,"date":"2024-04-24T22:30:05","date_gmt":"2024-04-24T22:30:05","guid":{"rendered":"https:\/\/izzysalon.com\/?page_id=432"},"modified":"2024-05-14T01:57:06","modified_gmt":"2024-05-14T01:57:06","slug":"izzy-salon-pos","status":"publish","type":"page","link":"https:\/\/izzysalon.com\/index.php\/phan-mem\/izzy-salon-pos\/","title":{"rendered":"Izzy Salon POS"},"content":{"rendered":"\n<figure class=\"wp-block-image alignfull size-full\"><img loading=\"lazy\" decoding=\"async\" width=\"2200\" height=\"905\" src=\"https:\/\/izzysalon.com\/wp-content\/uploads\/2024\/05\/izzy-salon-phan-mem-marketing-tiem-nail-luon-dong-khach-hieu-qua-my-viet-uc-canada-bia.png\" alt=\"\" class=\"wp-image-748\"\/><\/figure>\n\n\n\n<figure class=\"wp-block-image alignfull size-full\"><img loading=\"lazy\" decoding=\"async\" width=\"3438\" height=\"1650\" src=\"https:\/\/izzysalon.com\/wp-content\/uploads\/2024\/05\/izzy-salon-phan-mem-marketing-tiem-nail-luon-dong-khach-hieu-qua-my-viet-uc-canada-bia-6.jpg\" alt=\"\" class=\"wp-image-750\"\/><\/figure>\n\n\n\n<figure class=\"wp-block-image alignfull size-full\"><img loading=\"lazy\" decoding=\"async\" width=\"3125\" height=\"1500\" src=\"https:\/\/izzysalon.com\/wp-content\/uploads\/2024\/05\/izzy-salon-phan-mem-marketing-tiem-nail-luon-dong-khach-hieu-qua-my-viet-uc-canada-bia-7.jpg\" alt=\"\" class=\"wp-image-752\"\/><\/figure>\n\n\n\n<div class=\"wp-block-group alignfull has-accent-background-color has-background has-global-padding is-layout-constrained wp-block-group-is-layout-constrained\" style=\"margin-top:0;margin-bottom:0;padding-top:var(--wp--preset--spacing--50);padding-right:var(--wp--preset--spacing--50);padding-bottom:var(--wp--preset--spacing--50);padding-left:var(--wp--preset--spacing--50);background-image:url(&#039;https:\/\/izzysalon.com\/wp-content\/uploads\/2024\/04\/izzy-salon-phan-mem-marketing-tiem-nail-luon-dong-khach-hieu-qua-my-viet-uc-canada-P4.jpg&#039;);background-size:cover;\">\n<figure class=\"wp-block-video alignwide\"><video controls poster=\"https:\/\/izzysalon.com\/wp-content\/uploads\/2024\/04\/izzy-salon-phan-mem-marketing-tiem-nail-luon-dong-khach-hieu-qua-my-viet-uc-canada.1yy-1.jpg\" src=\"https:\/\/izzysalon.com\/wp-content\/uploads\/2024\/05\/Screen_Recording_20240307_0631542.mp4\"><\/video><\/figure>\n\n\n\n<div style=\"height:10px\" aria-hidden=\"true\" class=\"wp-block-spacer\"><\/div>\n\n\n\n<h2 class=\"wp-block-heading alignwide has-text-align-center has-base-2-color has-text-color has-link-color wp-elements-5302429e00d679d7d823371337a044f3\"><strong>H\u01b0\u1edbng d\u1eabn s\u1eed d\u1ee5ng Izzy Salon POS<\/strong><\/h2>\n<\/div>\n\n\n\n<div class=\"wp-block-group alignfull has-background has-global-padding is-layout-constrained wp-block-group-is-layout-constrained\" style=\"margin-top:0;margin-bottom:0;padding-top:var(--wp--preset--spacing--50);padding-right:var(--wp--preset--spacing--50);padding-bottom:var(--wp--preset--spacing--50);padding-left:var(--wp--preset--spacing--50);background-image:url(&#039;https:\/\/izzysalon.com\/wp-content\/uploads\/2024\/04\/bia-izzy-salon-phan-mem-marketing-tiem-nail-luon-dong-khach-hieu-qua-my-viet-uc-canada.1yy.jpg&#039;);background-size:cover;\">\n<div class=\"wp-block-columns alignwide are-vertically-aligned-center is-layout-flex wp-container-core-columns-is-layout-1 wp-block-columns-is-layout-flex\">\n<div class=\"wp-block-column is-vertically-aligned-center is-layout-flow wp-block-column-is-layout-flow\" style=\"flex-basis:50%\">\n<h2 class=\"wp-block-heading has-text-align-center has-text-color has-link-color has-large-font-size wp-elements-7304c0e7aff2e29c84fcf47c1eea1297\" style=\"color:#104790\"><strong>NH\u1eacN B\u00c1O GI\u00c1 V\u00c0 T\u01af V\u1ea4N<\/strong><\/h2>\n\n\n\n<ul style=\"line-height:1.75\" class=\"is-style-checkmark-list\">\n<li class=\"has-medium-font-size\">H\u1ee3p l\u00fd, hi\u1ec7u qu\u1ea3<\/li>\n\n\n\n<li class=\"has-medium-font-size\">T\u01b0 v\u1ea5n 24\/7<\/li>\n\n\n\n<li class=\"has-medium-font-size\">H\u1ed7 tr\u1ee3 trong su\u1ed1t qu\u00e1 tr\u00ecnh s\u1eed d\u1ee5ng<\/li>\n<\/ul>\n\n\n\n<div class=\"wp-block-buttons is-layout-flex wp-block-buttons-is-layout-flex\">\n<div class=\"wp-block-button\"><a class=\"wp-block-button__link has-background wp-element-button\" href=\"https:\/\/izzysalon.com\/index.php\/bang-gia\/\" style=\"background-color:#104790\" target=\"_blank\" rel=\"noreferrer noopener\"><strong>B\u1ea2NG GI\u00c1 D\u1ecaCH V\u1ee4<\/strong><\/a><\/div>\n\n\n\n<div class=\"wp-block-button is-style-outline\"><a class=\"wp-block-button__link has-text-color has-link-color wp-element-button\" href=\"http:\/\/m.me\/278936155298774\" style=\"color:#104790\"><strong>LI\u00caN H\u1ec6 T\u01af V\u1ea4N<\/strong><\/a><\/div>\n<\/div>\n<\/div>\n\n\n\n<div class=\"wp-block-column is-vertically-aligned-center is-layout-flow wp-block-column-is-layout-flow\" style=\"flex-basis:50%\">\n<figure class=\"wp-block-image size-full is-style-rounded\"><img loading=\"lazy\" decoding=\"async\" width=\"1600\" height=\"1600\" src=\"https:\/\/izzysalon.com\/wp-content\/uploads\/2024\/05\/FB-izzy-salon-phan-mem-marketing-tiem-nail-luon-dong-khach-hieu-qua-my-viet-uc-canada-PRICE-2.jpg\" alt=\"\" class=\"wp-image-697\"\/><\/figure>\n<\/div>\n<\/div>\n<\/div>\n","protected":false},"excerpt":{"rendered":"<p>H\u01b0\u1edbng d\u1eabn s\u1eed d\u1ee5ng Izzy Salon POS NH\u1eacN B\u00c1O GI\u00c1 V\u00c0 T\u01af V\u1ea4N<\/p>\n","protected":false},"author":1,"featured_media":0,"parent":441,"menu_order":0,"comment_status":"closed","ping_status":"closed","template":"","meta":{"footnotes":""},"_links":{"self":[{"href":"https:\/\/izzysalon.com\/index.php\/wp-json\/wp\/v2\/pages\/432"}],"collection":[{"href":"https:\/\/izzysalon.com\/index.php\/wp-json\/wp\/v2\/pages"}],"about":[{"href":"https:\/\/izzysalon.com\/index.php\/wp-json\/wp\/v2\/types\/page"}],"author":[{"embeddable":true,"href":"https:\/\/izzysalon.com\/index.php\/wp-json\/wp\/v2\/users\/1"}],"replies":[{"embeddable":true,"href":"https:\/\/izzysalon.com\/index.php\/wp-json\/wp\/v2\/comments?post=432"}],"version-history":[{"count":16,"href":"https:\/\/izzysalon.com\/index.php\/wp-json\/wp\/v2\/pages\/432\/revisions"}],"predecessor-version":[{"id":895,"href":"https:\/\/izzysalon.com\/index.php\/wp-json\/wp\/v2\/pages\/432\/revisions\/895"}],"up":[{"embeddable":true,"href":"https:\/\/izzysalon.com\/index.php\/wp-json\/wp\/v2\/pages\/441"}],"wp:attachment":[{"href":"https:\/\/izzysalon.com\/index.php\/wp-json\/wp\/v2\/media?parent=432"}],"curies":[{"name":"wp","href":"https:\/\/api.w.org\/{rel}","templated":true}]}}